{"id":2329,"date":"2019-07-11T17:48:23","date_gmt":"2019-07-11T20:48:23","guid":{"rendered":"http:\/\/internacional.catupiry.com.br\/?post_type=product&#038;p=2329"},"modified":"2024-01-23T17:44:18","modified_gmt":"2024-01-23T20:44:18","slug":"requeson-cresmoso-sabor-cheddar","status":"publish","type":"product","link":"https:\/\/internacional.catupiry.com.br\/es\/produto\/requeson-cresmoso-sabor-cheddar\/","title":{"rendered":"REQUES\u00d3N UNTABLE SABOR CHEDDAR"},"content":{"rendered":"","protected":false},"excerpt":{"rendered":"<p class=\"Normal tm5\"><span class=\"tm6\">El Reques\u00f3n Untable sabor Cheddar tiene sabor inspirado en las recetas m\u00e1s tradicionales de Am\u00e9rica del Norte. Tiene la consistencia ideal para pasar pan, galletas y tostadas y se combina con s\u00e1ndwiches y muchas recetas. Es pr\u00e1ctico y sabroso. Trae un toque especial y cremosa en su d\u00eda a d\u00eda.<\/span><\/p>\n<h4><span style=\"color: #333333;\">Embalaje:<\/span><\/h4>\n<p class=\"Default tm6\"><span class=\"tm7\">Vaso 180g<\/span><\/p>\n[su_accordion class=\"\"] [su_spoiler title=\"Otras Informaciones:\" open=\"no\" style=\"default\" icon=\"plus\" anchor=\"\" class=\"\"]<\/p>\n<div class=\"produto-single-image\">\n<h4><span style=\"color: #333333;\">Ingredientes:<\/span><\/h4>\n<p class=\"Pr__formata__oHTML tm6 tm7\"><strong><span class=\"tm9\">INGREDIENTES:<\/span><\/strong><span class=\"tm8\"> CREMA DE LECHE, MASA CUAJADA (LECHE FLUIDO A GRANEL DE USO INDUSTRIAL Y ACIDULANTE \u00c1CIDO L\u00c1TICO (INS 270)), AROMA ID\u00c9NTICO AL NATURAL DE QUESO CHEDDAR, CLORURO DE SODIO (SAL), ESTABILIZANTES: POLIFOSFATO DE SODIO (INS 452i), TRIPOLIFOSFATO DE POTASIO (INS 451ii), FOSFATO TRISS\u00d3DICO (INS 339iii), CORANTE BETACAROTENO SINT\u00c9TICO IDENTICO AL NATURAL (INS 160a (i)), CONSERVADOR SORBATO DE POTASIO (INS 202). <\/span><\/p>\n<p class=\"Pr__formata__oHTML tm6 tm7\"><strong><span class=\"tm9\">CONTIENE LECHE. PUEDE CONTENER TRIGO, CEVADA Y SOJA. CONTIENE LACTOSA. CONTIENE GL\u00daTEN.<\/span><\/strong><\/p>\n<h4><span style=\"color: #333333;\">Informaci\u00f3n Nutricional:<\/span><\/h4>\n<p class=\"Normal tm6 tm7\"><span style=\"color: #993300;\"><strong><em><span class=\"tm8\">PORCI\u00d3N 30g (1 CUCHARADA).<\/span><\/em><\/strong><\/span><\/p>\n<table class=\"tm13 tm14 tm15\" border=\"0\" rules=\"all\">\n<tbody class=\"tm16\">\n<tr>\n<td class=\"tm17 tm18 tm19\">\n<p class=\"Normal\"><span class=\"tm20\">\u00a0<\/span><\/p>\n<\/td>\n<td class=\"tm17 tm18 tm19\">\n<p class=\"Normal tm6\"><strong><em><span class=\"tm8\">CANTIDAD POR PORCI\u00d3N<\/span><\/em><\/strong><\/p>\n<\/td>\n<td class=\"tm17 tm18 tm19\">\n<p class=\"Normal tm6 tm21\"><strong><span class=\"tm22\">%VD*<\/span><\/strong><\/p>\n<\/td>\n<\/tr>\n<tr>\n<td class=\"tm17 tm18 tm19\">\n<p class=\"Normal tm6\"><em><span class=\"tm23\">VALOR ENERG\u00c9TICO<\/span><\/em><\/p>\n<\/td>\n<td class=\"tm17 tm18 tm19\">\n<p class=\"Normal tm5\"><em><span class=\"tm7\">89 kcal= 372 kJ<\/span><\/em><\/p>\n<\/td>\n<td class=\"tm17 tm18 tm19\">\n<p class=\"Normal tm6 tm21\"><em><span class=\"tm23\">(9% VRN*)<\/span><\/em><\/p>\n<\/td>\n<\/tr>\n<tr>\n<td class=\"tm17 tm18 tm19\">\n<p class=\"Normal tm6\"><em><span class=\"tm23\">CARBOHIDRATOS<\/span><\/em><\/p>\n<\/td>\n<td class=\"tm17 tm18 tm19\">\n<p class=\"Normal tm6\"><em><span class=\"tm23\">1,0 g<\/span><\/em><\/p>\n<\/td>\n<td class=\"tm17 tm18 tm19\">\n<p class=\"Normal tm6\"><em><span class=\"tm23\">\u00a0<\/span><\/em><\/p>\n<\/td>\n<\/tr>\n<tr>\n<td class=\"tm17 tm18 tm19\">\n<p class=\"Normal tm6\"><em><span class=\"tm23\">PROTE\u00cdNAS<\/span><\/em><\/p>\n<\/td>\n<td class=\"tm17 tm18 tm19\">\n<p class=\"Normal tm6\"><em><span class=\"tm23\">3,4 g<\/span><\/em><\/p>\n<\/td>\n<td class=\"tm17 tm18 tm19\">\n<p class=\"Normal tm6 tm21\"><em><span class=\"tm23\">(7% VRN*)<\/span><\/em><\/p>\n<\/td>\n<\/tr>\n<tr>\n<td class=\"tm17 tm18 tm19\">\n<p class=\"Normal tm6\"><em><span class=\"tm23\">GRASAS TOTALES<\/span><\/em><\/p>\n<\/td>\n<td class=\"tm17 tm18 tm19\">\n<p class=\"Normal tm6\"><em><span class=\"tm23\">7,9 g<\/span><\/em><\/p>\n<\/td>\n<td class=\"tm17 tm18 tm19\">\n<p class=\"Normal tm6\"><em><span class=\"tm23\">\u00a0<\/span><\/em><\/p>\n<\/td>\n<\/tr>\n<tr>\n<td class=\"tm17 tm18 tm19\">\n<p class=\"Normal tm6\"><em><span class=\"tm23\">GRASAS SATURADAS<\/span><\/em><\/p>\n<\/td>\n<td class=\"tm17 tm18 tm19\">\n<p class=\"Normal tm6\"><em><span class=\"tm23\">5,0 g<\/span><\/em><\/p>\n<\/td>\n<td class=\"tm17 tm18 tm19\">\n<p class=\"Normal tm6\"><em><span class=\"tm23\">\u00a0<\/span><\/em><\/p>\n<\/td>\n<\/tr>\n<tr>\n<td class=\"tm17 tm18 tm19\">\n<p class=\"Normal tm6\"><em><span class=\"tm23\">GRASAS TRANS<\/span><\/em><\/p>\n<\/td>\n<td class=\"tm17 tm18 tm19\">\n<p class=\"Normal tm6\"><em><span class=\"tm23\">0 g<\/span><\/em><\/p>\n<\/td>\n<td class=\"tm17 tm18 tm19\">\n<p class=\"Normal tm6\"><em><span class=\"tm23\">\u00a0<\/span><\/em><\/p>\n<\/td>\n<\/tr>\n<tr>\n<td class=\"tm17 tm18 tm19\">\n<p class=\"Normal tm6\"><em><span class=\"tm23\">FIBRA ALIMENTARIA<\/span><\/em><\/p>\n<\/td>\n<td class=\"tm17 tm18 tm19\">\n<p class=\"Normal tm6\"><em><span class=\"tm23\">0 g<\/span><\/em><\/p>\n<\/td>\n<td class=\"tm17 tm18 tm19\">\n<p class=\"Normal tm6\"><em><span class=\"tm23\">\u00a0<\/span><\/em><\/p>\n<\/td>\n<\/tr>\n<tr>\n<td class=\"tm17 tm18 tm19\">\n<p class=\"Normal tm6\"><em><span class=\"tm23\">SODIO<\/span><\/em><\/p>\n<\/td>\n<td class=\"tm17 tm18 tm19\">\n<p class=\"Normal tm6\"><em><span class=\"tm23\">144 mg<\/span><\/em><\/p>\n<\/td>\n<td class=\"tm17 tm18 tm19\">\n<p class=\"Normal tm6\"><em><span class=\"tm23\">\u00a0<\/span><\/em><\/p>\n<\/td>\n<\/tr>\n<tr>\n<td class=\"tm17 tm18 tm19\">\n<p class=\"Normal tm6\"><em><span class=\"tm23\">VITAMINA A<\/span><\/em><\/p>\n<\/td>\n<td class=\"tm17 tm18 tm19\">\n<p class=\"Normal tm6\"><em><span class=\"tm23\">38<\/span><span class=\"tm24\">\u03bcg<\/span><\/em><\/p>\n<\/td>\n<td class=\"tm17 tm18 tm19\">\n<p class=\"Normal tm6 tm21\"><em><span class=\"tm23\">(4% VRN*)<\/span><\/em><\/p>\n<\/td>\n<\/tr>\n<tr>\n<td class=\"tm17 tm18 tm19\">\n<p class=\"Normal tm6\"><em><span class=\"tm23\">CALCIO<\/span><\/em><\/p>\n<\/td>\n<td class=\"tm17 tm18 tm19\">\n<p class=\"Normal tm6\"><em><span class=\"tm23\">48 mg<\/span><\/em><\/p>\n<\/td>\n<td class=\"tm17 tm18 tm19\">\n<p class=\"Normal tm6 tm21\"><em><span class=\"tm23\">(5% VRN*)<\/span><\/em><\/p>\n<\/td>\n<\/tr>\n<\/tbody>\n<\/table>\n<p class=\"Default tm6\"><strong style=\"color: #1b1919; font-size: 18px;\">Conservaci\u00f3n:<\/strong><\/p>\n<\/div>\n<div class=\"produto-single-image\">\n<div class=\"details__tableWrp\">\n<p class=\"Normal tm5\"><em><span class=\"tm7\">MANTENER RESFRIADO DE 1 A 9\u00b0C. DESPU\u00c9S DE ABIERTO CONSUMIR EN HASTA 8 D\u00cdAS. <\/span><\/em><\/p>\n<p class=\"Normal\">\n<\/div>\n<\/div>\n<p>[\/su_spoiler] [\/su_accordion]\n","protected":false},"featured_media":2330,"comment_status":"closed","ping_status":"closed","template":"","meta":[],"product_brand":[],"product_cat":[43],"product_tag":[49,50],"class_list":{"0":"post-2329","1":"product","2":"type-product","3":"status-publish","4":"has-post-thumbnail","6":"product_cat-minorista","7":"product_tag-spreadable-cheese","8":"product_tag-spreadable-cheese-reduced-in-total-fat-and-calories-spreadable-cheese-reduced-in-total-fat-and-calories","10":"first","11":"instock","12":"shipping-taxable","13":"product-type-simple"},"_links":{"self":[{"href":"https:\/\/internacional.catupiry.com.br\/es\/wp-json\/wp\/v2\/product\/2329","targetHints":{"allow":["GET"]}}],"collection":[{"href":"https:\/\/internacional.catupiry.com.br\/es\/wp-json\/wp\/v2\/product"}],"about":[{"href":"https:\/\/internacional.catupiry.com.br\/es\/wp-json\/wp\/v2\/types\/product"}],"replies":[{"embeddable":true,"href":"https:\/\/internacional.catupiry.com.br\/es\/wp-json\/wp\/v2\/comments?post=2329"}],"wp:featuredmedia":[{"embeddable":true,"href":"https:\/\/internacional.catupiry.com.br\/es\/wp-json\/wp\/v2\/media\/2330"}],"wp:attachment":[{"href":"https:\/\/internacional.catupiry.com.br\/es\/wp-json\/wp\/v2\/media?parent=2329"}],"wp:term":[{"taxonomy":"product_brand","embeddable":true,"href":"https:\/\/internacional.catupiry.com.br\/es\/wp-json\/wp\/v2\/product_brand?post=2329"},{"taxonomy":"product_cat","embeddable":true,"href":"https:\/\/internacional.catupiry.com.br\/es\/wp-json\/wp\/v2\/product_cat?post=2329"},{"taxonomy":"product_tag","embeddable":true,"href":"https:\/\/internacional.catupiry.com.br\/es\/wp-json\/wp\/v2\/product_tag?post=2329"}],"curies":[{"name":"wp","href":"https:\/\/api.w.org\/{rel}","templated":true}]}}