{"id":2349,"date":"2019-07-16T14:58:15","date_gmt":"2019-07-16T17:58:15","guid":{"rendered":"http:\/\/internacional.catupiry.com.br\/?post_type=product&#038;p=2349"},"modified":"2024-01-23T17:43:08","modified_gmt":"2024-01-23T20:43:08","slug":"requeson-cremoso-sabor-pechuga-de-pavo","status":"publish","type":"product","link":"https:\/\/internacional.catupiry.com.br\/es\/produto\/requeson-cremoso-sabor-pechuga-de-pavo\/","title":{"rendered":"REQUES\u00d3N UNTABLE SABOR PECHUGA DE PAVO"},"content":{"rendered":"","protected":false},"excerpt":{"rendered":"<p class=\"Normal tm5\"><span class=\"tm6\">La suavidad de la pechuga de pavo y la cremosidad que solo Reques\u00f3n Untable Catupiry\u00ae le brinda en una combinaci\u00f3n irresistible: Reques\u00f3n Cremoso sabor Pechuga de Pavo Catupiry\u00ae. Con sabor ligero y suave, se puede consumir puro en pan o tostadas o se puede usar en s\u00e1ndwiches y recetas para dar m\u00e1s sabor.<\/span><\/p>\n<h4><span style=\"color: #333333;\">Embalaje:<\/span><\/h4>\n<p class=\"Default tm6\"><span class=\"tm7\">Vaso 180g<\/span><\/p>\n[su_accordion class=\"\"] [su_spoiler title=\"Otras Informaciones:\" open=\"no\" style=\"default\" icon=\"plus\" anchor=\"\" class=\"\"]<\/p>\n<div class=\"produto-single-image\">\n<h4><span style=\"color: #333333;\">Ingredientes:<\/span><\/h4>\n<p class=\"Normal tm5\"><strong><span class=\"tm7\">\u00a0<\/span><\/strong><span class=\"tm9\">Crema de leche, Masa cuajada (Leche fluida a granel de uso industrial y acidulante \u00e1cido l\u00e1ctico (INS 270)), Condimento preparado sabor Pecho de Per\u00fa (Maltodextrina, Cloruro de sodio, Especias, Az\u00facar, Extracto de levaduras, Aromatizante id\u00e9ntico al natural, Aroma natural de humo, Antiumectantes : Di\u00f3xido de silicio (INS 551) y fosfato tricalcico (INS 341iii), Acidulantes: \u00c1cido c\u00edtrico (INS 330) y \u00c1cido m\u00e1lico (INS 296)), Cloruro s\u00f3dico (Sal), Estabilizantes: Polifosfato de sodio (INS 452i), Tripolifosfato de potasio (INS 451ii), Fosfato tris\u00f3dico (INS 339iii) y Conservador Sorbato de potasio (INS 202).<\/span><\/p>\n<p><strong><span class=\"tm8\">CONTIENE LECHE, DERIVADOS DE CEVADA Y TRIGO. CONTIENE LACTOSA. CONTIENE GL\u00daTEN<\/span><span class=\"tm6\">.<\/span><\/strong><\/p>\n<h4><span style=\"color: #333333;\">Informaci\u00f3n Nutricional:<\/span><\/h4>\n<p class=\"Normal tm6 tm7\"><span style=\"color: #993300;\"><strong><em><span class=\"tm8\">PORCI\u00d3N 30g (1 CUCHARADA).<\/span><\/em><\/strong><\/span><\/p>\n<table class=\"tm13 tm14 tm15\" border=\"0\" rules=\"all\">\n<tbody class=\"tm16\">\n<tr>\n<td class=\"tm17 tm18 tm19\">\n<p class=\"Normal\"><span class=\"tm20\">\u00a0<\/span><\/p>\n<\/td>\n<td class=\"tm17 tm18 tm19\">\n<p class=\"Normal tm6\"><strong><em><span class=\"tm8\">CANTIDAD POR PORCI\u00d3N<\/span><\/em><\/strong><\/p>\n<\/td>\n<td class=\"tm17 tm18 tm19\">\n<p class=\"Normal tm6 tm21\"><strong><span class=\"tm22\">%VD*<\/span><\/strong><\/p>\n<\/td>\n<\/tr>\n<tr>\n<td class=\"tm17 tm18 tm19\">\n<p class=\"Normal tm6\"><em><span class=\"tm23\">VALOR ENERG\u00c9TICO<\/span><\/em><\/p>\n<\/td>\n<td class=\"tm17 tm18 tm19\">\n<p class=\"Normal tm5\"><em><span class=\"tm7\">86 kcal= 361kJ<\/span><\/em><\/p>\n<\/td>\n<td class=\"tm17 tm18 tm19\">\n<p class=\"Normal tm6 tm21\"><em><span class=\"tm23\">(4% VRN*)<\/span><\/em><\/p>\n<\/td>\n<\/tr>\n<tr>\n<td class=\"tm17 tm18 tm19\">\n<p class=\"Normal tm6\"><em><span class=\"tm23\">CARBOHIDRATOS<\/span><\/em><\/p>\n<\/td>\n<td class=\"tm17 tm18 tm19\">\n<p class=\"Normal tm6\"><em><span class=\"tm23\">0 g<\/span><\/em><\/p>\n<\/td>\n<td class=\"tm17 tm18 tm19\">\n<p class=\"Normal tm6\"><em><span class=\"tm23\">\u00a0<\/span><\/em><\/p>\n<\/td>\n<\/tr>\n<tr>\n<td class=\"tm17 tm18 tm19\">\n<p class=\"Normal tm6\"><em><span class=\"tm23\">PROTE\u00cdNAS<\/span><\/em><\/p>\n<\/td>\n<td class=\"tm17 tm18 tm19\">\n<p class=\"Normal tm6\"><em><span class=\"tm23\">3,4 g<\/span><\/em><\/p>\n<\/td>\n<td class=\"tm17 tm18 tm19\">\n<p class=\"Normal tm6 tm21\"><em><span class=\"tm23\">(7% VRN*)<\/span><\/em><\/p>\n<\/td>\n<\/tr>\n<tr>\n<td class=\"tm17 tm18 tm19\">\n<p class=\"Normal tm6\"><em><span class=\"tm23\">GRASAS TOTALES<\/span><\/em><\/p>\n<\/td>\n<td class=\"tm17 tm18 tm19\">\n<p class=\"Normal tm6\"><em><span class=\"tm23\">8,0 g<\/span><\/em><\/p>\n<\/td>\n<td class=\"tm17 tm18 tm19\">\n<p class=\"Normal tm6\"><em><span class=\"tm23\">\u00a0<\/span><\/em><\/p>\n<\/td>\n<\/tr>\n<tr>\n<td class=\"tm17 tm18 tm19\">\n<p class=\"Normal tm6\"><em><span class=\"tm23\">GRASAS SATURADAS<\/span><\/em><\/p>\n<\/td>\n<td class=\"tm17 tm18 tm19\">\n<p class=\"Normal tm6\"><em><span class=\"tm23\">4,9 g<\/span><\/em><\/p>\n<\/td>\n<td class=\"tm17 tm18 tm19\">\n<p class=\"Normal tm6\"><em><span class=\"tm23\">\u00a0<\/span><\/em><\/p>\n<\/td>\n<\/tr>\n<tr>\n<td class=\"tm17 tm18 tm19\">\n<p class=\"Normal tm6\"><em><span class=\"tm23\">GRASAS TRANS<\/span><\/em><\/p>\n<\/td>\n<td class=\"tm17 tm18 tm19\">\n<p class=\"Normal tm6\"><em><span class=\"tm23\">0 g<\/span><\/em><\/p>\n<\/td>\n<td class=\"tm17 tm18 tm19\">\n<p class=\"Normal tm6\"><em><span class=\"tm23\">\u00a0<\/span><\/em><\/p>\n<\/td>\n<\/tr>\n<tr>\n<td class=\"tm17 tm18 tm19\">\n<p class=\"Normal tm6\"><em><span class=\"tm23\">FIBRA ALIMENTARIA<\/span><\/em><\/p>\n<\/td>\n<td class=\"tm17 tm18 tm19\">\n<p class=\"Normal tm6\"><em><span class=\"tm23\">0 g<\/span><\/em><\/p>\n<\/td>\n<td class=\"tm17 tm18 tm19\">\n<p class=\"Normal tm6\"><em><span class=\"tm23\">\u00a0<\/span><\/em><\/p>\n<\/td>\n<\/tr>\n<tr>\n<td class=\"tm17 tm18 tm19\">\n<p class=\"Normal tm6\"><em><span class=\"tm23\">SODIO<\/span><\/em><\/p>\n<\/td>\n<td class=\"tm17 tm18 tm19\">\n<p class=\"Normal tm6\"><em><span class=\"tm23\">152mg<\/span><\/em><\/p>\n<\/td>\n<td class=\"tm17 tm18 tm19\">\n<p class=\"Normal tm6\"><em><span class=\"tm23\">\u00a0<\/span><\/em><\/p>\n<\/td>\n<\/tr>\n<tr>\n<td class=\"tm17 tm18 tm19\">\n<p class=\"Normal tm6\"><em><span class=\"tm23\">VITAMINA A<\/span><\/em><\/p>\n<\/td>\n<td class=\"tm17 tm18 tm19\">\n<p class=\"Normal tm6\"><em><span class=\"tm23\">69<\/span><span class=\"tm24\">\u03bcg<\/span><\/em><\/p>\n<\/td>\n<td class=\"tm17 tm18 tm19\">\n<p class=\"Normal tm6 tm21\"><em><span class=\"tm23\">(9% VRN*)<\/span><\/em><\/p>\n<\/td>\n<\/tr>\n<tr>\n<td class=\"tm17 tm18 tm19\">\n<p class=\"Normal tm6\"><em><span class=\"tm23\">CALCIO<\/span><\/em><\/p>\n<\/td>\n<td class=\"tm17 tm18 tm19\">\n<p class=\"Normal tm6\"><em><span class=\"tm23\">47 mg<\/span><\/em><\/p>\n<\/td>\n<td class=\"tm17 tm18 tm19\">\n<p class=\"Normal tm6 tm21\"><em><span class=\"tm23\">(5% VRN*)<\/span><\/em><\/p>\n<\/td>\n<\/tr>\n<\/tbody>\n<\/table>\n<p class=\"Default tm6\"><strong style=\"color: #1b1919; font-size: 18px;\">Conservaci\u00f3n:<\/strong><\/p>\n<\/div>\n<div class=\"produto-single-image\">\n<div class=\"details__tableWrp\">\n<p class=\"Normal tm5\"><em><span class=\"tm7\">MANTENER RESFRIADO DE 1 A 9\u00b0C. DESPU\u00c9S DE ABIERTO CONSUMIR EN HASTA 8 D\u00cdAS. <\/span><\/em><\/p>\n<p class=\"Normal\">\n<\/div>\n<\/div>\n<p>[\/su_spoiler] [\/su_accordion]\n","protected":false},"featured_media":2351,"comment_status":"closed","ping_status":"closed","template":"","meta":[],"product_brand":[],"product_cat":[43],"product_tag":[49],"class_list":{"0":"post-2349","1":"product","2":"type-product","3":"status-publish","4":"has-post-thumbnail","6":"product_cat-minorista","7":"product_tag-spreadable-cheese","9":"first","10":"instock","11":"shipping-taxable","12":"product-type-simple"},"_links":{"self":[{"href":"https:\/\/internacional.catupiry.com.br\/es\/wp-json\/wp\/v2\/product\/2349","targetHints":{"allow":["GET"]}}],"collection":[{"href":"https:\/\/internacional.catupiry.com.br\/es\/wp-json\/wp\/v2\/product"}],"about":[{"href":"https:\/\/internacional.catupiry.com.br\/es\/wp-json\/wp\/v2\/types\/product"}],"replies":[{"embeddable":true,"href":"https:\/\/internacional.catupiry.com.br\/es\/wp-json\/wp\/v2\/comments?post=2349"}],"wp:featuredmedia":[{"embeddable":true,"href":"https:\/\/internacional.catupiry.com.br\/es\/wp-json\/wp\/v2\/media\/2351"}],"wp:attachment":[{"href":"https:\/\/internacional.catupiry.com.br\/es\/wp-json\/wp\/v2\/media?parent=2349"}],"wp:term":[{"taxonomy":"product_brand","embeddable":true,"href":"https:\/\/internacional.catupiry.com.br\/es\/wp-json\/wp\/v2\/product_brand?post=2349"},{"taxonomy":"product_cat","embeddable":true,"href":"https:\/\/internacional.catupiry.com.br\/es\/wp-json\/wp\/v2\/product_cat?post=2349"},{"taxonomy":"product_tag","embeddable":true,"href":"https:\/\/internacional.catupiry.com.br\/es\/wp-json\/wp\/v2\/product_tag?post=2349"}],"curies":[{"name":"wp","href":"https:\/\/api.w.org\/{rel}","templated":true}]}}