{"id":2366,"date":"2019-07-16T17:06:54","date_gmt":"2019-07-16T20:06:54","guid":{"rendered":"http:\/\/internacional.catupiry.com.br\/?post_type=product&#038;p=2366"},"modified":"2024-01-23T17:51:10","modified_gmt":"2024-01-23T20:51:10","slug":"requeson-cremoso-con-tomate-seco","status":"publish","type":"product","link":"https:\/\/internacional.catupiry.com.br\/es\/produto\/requeson-cremoso-con-tomate-seco\/","title":{"rendered":"REQUES\u00d3N CREMOSO CON TOMATE SECO"},"content":{"rendered":"","protected":false},"excerpt":{"rendered":"<p class=\"Normal tm5\"><span class=\"tm6\">Con trocitos de tomate seco y muy cremoso, el Reques\u00f3n Cremoso con Tomate Seco Catupiry se puede combinar con varias recetas, dando un toque especial a ellas. Como \u00e9s horneable, obtiene una textura a\u00fan m\u00e1s incre\u00edble cuando va al horno.<\/span><\/p>\n<h4><span style=\"color: #333333;\">Embalaje:<\/span><\/h4>\n<p class=\"Default tm6\">SACHET PESO NETO 250g<\/p>\n[su_accordion class=\"\"] [su_spoiler title=\"Otras Informaciones:\" open=\"no\" style=\"default\" icon=\"plus\" anchor=\"\" class=\"\"]<\/p>\n<div class=\"produto-single-image\">\n<h4><span style=\"color: #333333;\">Ingredientes:<\/span><\/h4>\n<p class=\"Normal tm5\"><span class=\"tm6\">Crema de Leche, Masa Cuajada (Leche cruda pre-beneficiada desnatada, Cloruro de Sodio), Tomate Seco (Tomate Seco, Aceite, Or\u00e9gano, Cloruro de Sodio y Conservador Sorbato de potasio (INS 202), Cloruro de Sodio (Sal), Estabilizante Pirofosfato Tetrass\u00f3dico (INS 450iii), Regulador de Acidez Bicarbonato de Sodio (INS 500ii) Conservador Sorbato de Potasio (INS 202). <\/span><strong><span class=\"tm7\">AL\u00c9RGICOS: CONTIENE DERIVADOS DE LECHE Y DERIVADOS DE SOJA. CONTIENE LACTOSA. SIN GLUTEN. <\/span><\/strong><\/p>\n<h4><span style=\"color: #333333;\">Informaci\u00f3n Nutricional:<\/span><\/h4>\n<p class=\"Normal tm6 tm7\"><span style=\"color: #993300;\"><strong><em><span class=\"tm8\">PORCI\u00d3N 30g (1 CUCHARADA).<\/span><\/em><\/strong><\/span><\/p>\n<table class=\"tm13 tm14 tm15\" border=\"0\" rules=\"all\">\n<tbody class=\"tm16\">\n<tr>\n<td class=\"tm17 tm18 tm19\">\n<p class=\"Normal\"><span class=\"tm20\">\u00a0<\/span><\/p>\n<\/td>\n<td class=\"tm17 tm18 tm19\">\n<p class=\"Normal tm6\"><strong><em><span class=\"tm8\">CANTIDAD POR PORCI\u00d3N<\/span><\/em><\/strong><\/p>\n<\/td>\n<td class=\"tm17 tm18 tm19\">\n<p class=\"Normal tm6 tm21\"><strong><span class=\"tm22\">%VD*<\/span><\/strong><\/p>\n<\/td>\n<\/tr>\n<tr>\n<td class=\"tm17 tm18 tm19\">\n<p class=\"Normal tm6\"><em><span class=\"tm23\">VALOR ENERG\u00c9TICO<\/span><\/em><\/p>\n<\/td>\n<td class=\"tm17 tm18 tm19\">\n<p class=\"Normal tm5\"><em><span class=\"tm7\">\u00a083 kcal= 349 kJ<\/span><\/em><\/p>\n<\/td>\n<td class=\"tm17 tm18 tm19\">\n<p class=\"Normal tm6 tm21\"><em><span class=\"tm23\">(4% VRN*)<\/span><\/em><\/p>\n<\/td>\n<\/tr>\n<tr>\n<td class=\"tm17 tm18 tm19\">\n<p class=\"Normal tm6\"><em><span class=\"tm23\">CARBOHIDRATOS<\/span><\/em><\/p>\n<\/td>\n<td class=\"tm17 tm18 tm19\">\n<p class=\"Normal tm6\"><em><span class=\"tm23\">0 g<\/span><\/em><\/p>\n<\/td>\n<td class=\"tm17 tm18 tm19\">\n<p class=\"Normal tm6\"><em><span class=\"tm23\">\u00a0<\/span><\/em><\/p>\n<\/td>\n<\/tr>\n<tr>\n<td class=\"tm17 tm18 tm19\">\n<p class=\"Normal tm6\"><em><span class=\"tm23\">PROTE\u00cdNAS<\/span><\/em><\/p>\n<\/td>\n<td class=\"tm17 tm18 tm19\">\n<p class=\"Normal tm6\"><em><span class=\"tm23\">2,9 g<\/span><\/em><\/p>\n<\/td>\n<td class=\"tm17 tm18 tm19\">\n<p class=\"Normal tm6 tm21\"><em><span class=\"tm23\">(6% VRN*)<\/span><\/em><\/p>\n<\/td>\n<\/tr>\n<tr>\n<td class=\"tm17 tm18 tm19\">\n<p class=\"Normal tm6\"><em><span class=\"tm23\">GRASAS TOTALES<\/span><\/em><\/p>\n<\/td>\n<td class=\"tm17 tm18 tm19\">\n<p class=\"Normal tm6\"><em><span class=\"tm23\">7,8 g<\/span><\/em><\/p>\n<\/td>\n<td class=\"tm17 tm18 tm19\">\n<p class=\"Normal tm6\"><em><span class=\"tm23\">\u00a0<\/span><\/em><\/p>\n<\/td>\n<\/tr>\n<tr>\n<td class=\"tm17 tm18 tm19\">\n<p class=\"Normal tm6\"><em><span class=\"tm23\">GRASAS SATURADAS<\/span><\/em><\/p>\n<\/td>\n<td class=\"tm17 tm18 tm19\">\n<p class=\"Normal tm6\"><em><span class=\"tm23\">4,7 g<\/span><\/em><\/p>\n<\/td>\n<td class=\"tm17 tm18 tm19\">\n<p class=\"Normal tm6\"><em><span class=\"tm23\">\u00a0<\/span><\/em><\/p>\n<\/td>\n<\/tr>\n<tr>\n<td class=\"tm17 tm18 tm19\">\n<p class=\"Normal tm6\"><em><span class=\"tm23\">GRASAS TRANS<\/span><\/em><\/p>\n<\/td>\n<td class=\"tm17 tm18 tm19\">\n<p class=\"Normal tm6\"><em><span class=\"tm23\">0,3 g<\/span><\/em><\/p>\n<\/td>\n<td class=\"tm17 tm18 tm19\">\n<p class=\"Normal tm6\"><em><span class=\"tm23\">\u00a0<\/span><\/em><\/p>\n<\/td>\n<\/tr>\n<tr>\n<td class=\"tm17 tm18 tm19\">\n<p class=\"Normal tm6\"><em><span class=\"tm23\">FIBRA ALIMENTARIA<\/span><\/em><\/p>\n<\/td>\n<td class=\"tm17 tm18 tm19\">\n<p class=\"Normal tm6\"><em><span class=\"tm23\">0 g<\/span><\/em><\/p>\n<\/td>\n<td class=\"tm17 tm18 tm19\">\n<p class=\"Normal tm6\"><em><span class=\"tm23\">\u00a0<\/span><\/em><\/p>\n<\/td>\n<\/tr>\n<tr>\n<td class=\"tm17 tm18 tm19\">\n<p class=\"Normal tm6\"><em><span class=\"tm23\">SODIO<\/span><\/em><\/p>\n<\/td>\n<td class=\"tm17 tm18 tm19\">\n<p class=\"Normal tm6\"><em><span class=\"tm23\">139 mg<\/span><\/em><\/p>\n<\/td>\n<td class=\"tm17 tm18 tm19\">\n<p class=\"Normal tm6\"><em><span class=\"tm23\">\u00a0<\/span><\/em><\/p>\n<\/td>\n<\/tr>\n<tr>\n<td class=\"tm17 tm18 tm19\">\n<p class=\"Normal tm6\"><em><span class=\"tm23\">VITAMINA A<\/span><\/em><\/p>\n<\/td>\n<td class=\"tm17 tm18 tm19\">\n<p class=\"Normal tm6\"><em><span class=\"tm23\">39 <\/span><span class=\"tm24\">\u03bcg<\/span><\/em><\/p>\n<\/td>\n<td class=\"tm17 tm18 tm19\">\n<p class=\"Normal tm6 tm21\"><em><span class=\"tm23\">(5% VRN*)<\/span><\/em><\/p>\n<\/td>\n<\/tr>\n<tr>\n<td class=\"tm17 tm18 tm19\">\n<p class=\"Normal tm6\"><em><span class=\"tm23\">CALCIO<\/span><\/em><\/p>\n<\/td>\n<td class=\"tm17 tm18 tm19\">\n<p class=\"Normal tm6\"><em><span class=\"tm23\">\u00a025 mg<\/span><\/em><\/p>\n<\/td>\n<td class=\"tm17 tm18 tm19\">\n<p class=\"Normal tm6 tm21\"><em><span class=\"tm23\">(3% VRN*)<\/span><\/em><\/p>\n<\/td>\n<\/tr>\n<\/tbody>\n<\/table>\n<p class=\"Default tm6\"><strong style=\"color: #1b1919; font-size: 18px;\">Conservaci\u00f3n:<\/strong><\/p>\n<\/div>\n<div class=\"produto-single-image\">\n<div class=\"details__tableWrp\">\n<p class=\"Normal tm5\"><em><span class=\"tm7\">MANTENER RESFRIADO DE 1 A 9\u00b0C. DESPU\u00c9S DE ABIERTO CONSUMIR EN HASTA 8 D\u00cdAS. <\/span><\/em><\/p>\n<p class=\"Normal\">\n<\/div>\n<\/div>\n<p>[\/su_spoiler] [\/su_accordion]\n","protected":false},"featured_media":2367,"comment_status":"closed","ping_status":"closed","template":"","meta":[],"product_brand":[],"product_cat":[43],"product_tag":[51],"class_list":{"0":"post-2366","1":"product","2":"type-product","3":"status-publish","4":"has-post-thumbnail","6":"product_cat-minorista","7":"product_tag-sun-dried-tomato","9":"first","10":"instock","11":"shipping-taxable","12":"product-type-simple"},"_links":{"self":[{"href":"https:\/\/internacional.catupiry.com.br\/es\/wp-json\/wp\/v2\/product\/2366","targetHints":{"allow":["GET"]}}],"collection":[{"href":"https:\/\/internacional.catupiry.com.br\/es\/wp-json\/wp\/v2\/product"}],"about":[{"href":"https:\/\/internacional.catupiry.com.br\/es\/wp-json\/wp\/v2\/types\/product"}],"replies":[{"embeddable":true,"href":"https:\/\/internacional.catupiry.com.br\/es\/wp-json\/wp\/v2\/comments?post=2366"}],"wp:featuredmedia":[{"embeddable":true,"href":"https:\/\/internacional.catupiry.com.br\/es\/wp-json\/wp\/v2\/media\/2367"}],"wp:attachment":[{"href":"https:\/\/internacional.catupiry.com.br\/es\/wp-json\/wp\/v2\/media?parent=2366"}],"wp:term":[{"taxonomy":"product_brand","embeddable":true,"href":"https:\/\/internacional.catupiry.com.br\/es\/wp-json\/wp\/v2\/product_brand?post=2366"},{"taxonomy":"product_cat","embeddable":true,"href":"https:\/\/internacional.catupiry.com.br\/es\/wp-json\/wp\/v2\/product_cat?post=2366"},{"taxonomy":"product_tag","embeddable":true,"href":"https:\/\/internacional.catupiry.com.br\/es\/wp-json\/wp\/v2\/product_tag?post=2366"}],"curies":[{"name":"wp","href":"https:\/\/api.w.org\/{rel}","templated":true}]}}