{"id":2389,"date":"2019-07-17T10:27:29","date_gmt":"2019-07-17T13:27:29","guid":{"rendered":"http:\/\/internacional.catupiry.com.br\/?post_type=product&#038;p=2389"},"modified":"2024-01-23T17:47:52","modified_gmt":"2024-01-23T20:47:52","slug":"requeson-cremoso-sabor-4-quesos-2","status":"publish","type":"product","link":"https:\/\/internacional.catupiry.com.br\/es\/produto\/requeson-cremoso-sabor-4-quesos-2\/","title":{"rendered":"REQUES\u00d3N CREMOSO SABOR 4 QUESOS"},"content":{"rendered":"","protected":false},"excerpt":{"rendered":"<p class=\"Normal tm5\"><span class=\"tm6\">Traiga un nuevo sabor a sus platos de una manera pr\u00e1ctica con lo Reques\u00f3n Cremoso sabor 4 Quesos Catupiry\u00ae. Vers\u00e1til, para tener un sabor equilibrado y suave de los quesos, se puede utilizar en diversas preparaciones, dando un toque especial. C\u00f3mo \u00e9s horneable, adquiere una textura a\u00fan m\u00e1s incre\u00edble cuando se va al horno. Intente de innovar en su papas al horno, pasteles, aperitivos, pasta, risotto, pizza y muchos otros platos.<\/span><\/p>\n<h4><span style=\"color: #333333;\">Embalaje:<\/span><\/h4>\n<p class=\"Default tm6\"><span class=\"tm8\">Bolsa:<\/span> <em><span class=\"tm10\">PESO NETO 1,010kg <\/span><\/em><\/p>\n[su_accordion class=\"\"] [su_spoiler title=\"Otras Informaciones:\" open=\"no\" style=\"default\" icon=\"plus\" anchor=\"\" class=\"\"]<\/p>\n<div class=\"produto-single-image\">\n<h4><span style=\"color: #333333;\">Ingredientes:<\/span><\/h4>\n<p class=\"Normal tm5\"><em><span class=\"tm7\">Crema de Leche, Masa Cuajda (Leche cruda pre-beneficiada desnatada, Cloruro de Sodio), Condimento Preparado sabor cuatro quesos (Maltodextrina, Queso Parmesano, Leche en Polvo Integral, Cloruro de Sodio, Aroma id\u00e9ntico al Natural, Crema de Leche en polvo, Extracto de levadura, Condimento de Gorgonzola, Especia y Aroma Natural de Humo), Cloruro de Sodio (Sal), Estabilizante Pirofosfato Tetrass\u00f3dico (INS 450iii), Regulador de Acidez Bicarbonato de Sodio (INS 500ii) y Conservador Sorbato de Potasio (INS 202). <\/span><strong><span class=\"tm8\">AL\u00c9RGICOS: CONTIENE DERIVADOS DE LECHE Y DERIVADOS DE CEVADA. CONTIENE LACTOSA. CONTIENE GL\u00daTEN. <\/span><\/strong><\/em><\/p>\n<p>&nbsp;<\/p>\n<h4><span style=\"color: #333333;\">Informaci\u00f3n Nutricional:<\/span><\/h4>\n<p class=\"Normal tm6 tm7\"><span style=\"color: #993300;\"><strong><em><span class=\"tm8\">PORCI\u00d3N 30g (1 CUCHARADA).<\/span><\/em><\/strong><\/span><\/p>\n<table class=\"tm13 tm14 tm15\" border=\"0\" rules=\"all\">\n<tbody class=\"tm16\">\n<tr>\n<td class=\"tm17 tm18 tm19\">\n<p class=\"Normal\"><span class=\"tm20\">\u00a0<\/span><\/p>\n<\/td>\n<td class=\"tm17 tm18 tm19\">\n<p class=\"Normal tm6\"><strong><em><span class=\"tm8\">CANTIDAD POR PORCI\u00d3N<\/span><\/em><\/strong><\/p>\n<\/td>\n<td class=\"tm17 tm18 tm19\">\n<p class=\"Normal tm6 tm21\"><strong><span class=\"tm22\">%VD*<\/span><\/strong><\/p>\n<\/td>\n<\/tr>\n<tr>\n<td class=\"tm17 tm18 tm19\">\n<p class=\"Normal tm6\"><em><span class=\"tm23\">VALOR ENERG\u00c9TICO<\/span><\/em><\/p>\n<\/td>\n<td class=\"tm17 tm18 tm19\">\n<p class=\"Normal tm5\"><em><span class=\"tm6\">73 kcal= 307 kJ<\/span><\/em><\/p>\n<\/td>\n<td class=\"tm17 tm18 tm19\">\n<p class=\"Normal tm6 tm21\"><em><span class=\"tm23\">(4% VRN*)<\/span><\/em><\/p>\n<\/td>\n<\/tr>\n<tr>\n<td class=\"tm17 tm18 tm19\">\n<p class=\"Normal tm6\"><em><span class=\"tm23\">CARBOHIDRATOS<\/span><\/em><\/p>\n<\/td>\n<td class=\"tm17 tm18 tm19\">\n<p class=\"Normal tm6\"><em><span class=\"tm23\">0 g<\/span><\/em><\/p>\n<\/td>\n<td class=\"tm17 tm18 tm19\">\n<p class=\"Normal tm6\"><em><span class=\"tm23\">\u00a0<\/span><\/em><\/p>\n<\/td>\n<\/tr>\n<tr>\n<td class=\"tm17 tm18 tm19\">\n<p class=\"Normal tm6\"><em><span class=\"tm23\">PROTE\u00cdNAS<\/span><\/em><\/p>\n<\/td>\n<td class=\"tm17 tm18 tm19\">\n<p class=\"Normal tm6\"><em><span class=\"tm23\">2,9 g<\/span><\/em><\/p>\n<\/td>\n<td class=\"tm17 tm18 tm19\">\n<p class=\"Normal tm6 tm21\"><em><span class=\"tm23\">(6% VRN*)<\/span><\/em><\/p>\n<\/td>\n<\/tr>\n<tr>\n<td class=\"tm17 tm18 tm19\">\n<p class=\"Normal tm6\"><em><span class=\"tm23\">GRASAS TOTALES<\/span><\/em><\/p>\n<\/td>\n<td class=\"tm17 tm18 tm19\">\n<p class=\"Normal tm6\"><em><span class=\"tm23\">6,7 g<\/span><\/em><\/p>\n<\/td>\n<td class=\"tm17 tm18 tm19\">\n<p class=\"Normal tm6\"><em><span class=\"tm23\">\u00a0<\/span><\/em><\/p>\n<\/td>\n<\/tr>\n<tr>\n<td class=\"tm17 tm18 tm19\">\n<p class=\"Normal tm6\"><em><span class=\"tm23\">GRASAS SATURADAS<\/span><\/em><\/p>\n<\/td>\n<td class=\"tm17 tm18 tm19\">\n<p class=\"Normal tm6\"><em><span class=\"tm23\">4,2<\/span><\/em><\/p>\n<\/td>\n<td class=\"tm17 tm18 tm19\">\n<p class=\"Normal tm6\"><em><span class=\"tm23\">\u00a0<\/span><\/em><\/p>\n<\/td>\n<\/tr>\n<tr>\n<td class=\"tm17 tm18 tm19\">\n<p class=\"Normal tm6\"><em><span class=\"tm23\">GRASAS TRANS<\/span><\/em><\/p>\n<\/td>\n<td class=\"tm17 tm18 tm19\">\n<p class=\"Normal tm6\"><em><span class=\"tm23\">0,3 g<\/span><\/em><\/p>\n<\/td>\n<td class=\"tm17 tm18 tm19\">\n<p class=\"Normal tm6\"><em><span class=\"tm23\">\u00a0<\/span><\/em><\/p>\n<\/td>\n<\/tr>\n<tr>\n<td class=\"tm17 tm18 tm19\">\n<p class=\"Normal tm6\"><em><span class=\"tm23\">FIBRA ALIMENTARIA<\/span><\/em><\/p>\n<\/td>\n<td class=\"tm17 tm18 tm19\">\n<p class=\"Normal tm6\"><em><span class=\"tm23\">0 g<\/span><\/em><\/p>\n<\/td>\n<td class=\"tm17 tm18 tm19\">\n<p class=\"Normal tm6\"><em><span class=\"tm23\">\u00a0<\/span><\/em><\/p>\n<\/td>\n<\/tr>\n<tr>\n<td class=\"tm17 tm18 tm19\">\n<p class=\"Normal tm6\"><em><span class=\"tm23\">SODIO<\/span><\/em><\/p>\n<\/td>\n<td class=\"tm17 tm18 tm19\">\n<p class=\"Normal tm6\"><em><span class=\"tm23\">188 mg<\/span><\/em><\/p>\n<\/td>\n<td class=\"tm17 tm18 tm19\">\n<p class=\"Normal tm6\"><em><span class=\"tm23\">\u00a0<\/span><\/em><\/p>\n<\/td>\n<\/tr>\n<tr>\n<td class=\"tm17 tm18 tm19\">\n<p class=\"Normal tm6\"><em><span class=\"tm23\">VITAMINA A<\/span><\/em><\/p>\n<\/td>\n<td class=\"tm17 tm18 tm19\">\n<p class=\"Normal tm6\"><em><span class=\"tm23\">68 <\/span><span class=\"tm24\">\u03bcg<\/span><\/em><\/p>\n<\/td>\n<td class=\"tm17 tm18 tm19\">\n<p class=\"Normal tm6 tm21\"><em><span class=\"tm23\">(8% VRN*)<\/span><\/em><\/p>\n<\/td>\n<\/tr>\n<tr>\n<td class=\"tm17 tm18 tm19\">\n<p class=\"Normal tm6\"><em><span class=\"tm23\">CALCIO<\/span><\/em><\/p>\n<\/td>\n<td class=\"tm17 tm18 tm19\">\n<p class=\"Normal tm6\"><em><span class=\"tm23\">\u00a016 mg<\/span><\/em><\/p>\n<\/td>\n<td class=\"tm17 tm18 tm19\">\n<p class=\"Normal tm6 tm21\"><em><span class=\"tm23\">(2% VRN*)<\/span><\/em><\/p>\n<\/td>\n<\/tr>\n<\/tbody>\n<\/table>\n<p class=\"Default tm6\"><strong style=\"color: #1b1919; font-size: 18px;\">Conservaci\u00f3n:<\/strong><\/p>\n<\/div>\n<div class=\"produto-single-image\">\n<div class=\"details__tableWrp\">\n<p class=\"Normal tm5\"><em><span class=\"tm7\">MANTENER RESFRIADO DE 1 A 9\u00b0C. DESPU\u00c9S DE ABIERTO CONSUMIR EN HASTA 8 D\u00cdAS. <\/span><\/em><\/p>\n<p class=\"Normal\">\n<\/div>\n<\/div>\n<p>[\/su_spoiler] [\/su_accordion]\n","protected":false},"featured_media":2390,"comment_status":"closed","ping_status":"closed","template":"","meta":[],"product_brand":[],"product_cat":[36],"product_tag":[],"class_list":{"0":"post-2389","1":"product","2":"type-product","3":"status-publish","4":"has-post-thumbnail","6":"product_cat-food-service","8":"first","9":"instock","10":"shipping-taxable","11":"product-type-simple"},"_links":{"self":[{"href":"https:\/\/internacional.catupiry.com.br\/es\/wp-json\/wp\/v2\/product\/2389","targetHints":{"allow":["GET"]}}],"collection":[{"href":"https:\/\/internacional.catupiry.com.br\/es\/wp-json\/wp\/v2\/product"}],"about":[{"href":"https:\/\/internacional.catupiry.com.br\/es\/wp-json\/wp\/v2\/types\/product"}],"replies":[{"embeddable":true,"href":"https:\/\/internacional.catupiry.com.br\/es\/wp-json\/wp\/v2\/comments?post=2389"}],"wp:featuredmedia":[{"embeddable":true,"href":"https:\/\/internacional.catupiry.com.br\/es\/wp-json\/wp\/v2\/media\/2390"}],"wp:attachment":[{"href":"https:\/\/internacional.catupiry.com.br\/es\/wp-json\/wp\/v2\/media?parent=2389"}],"wp:term":[{"taxonomy":"product_brand","embeddable":true,"href":"https:\/\/internacional.catupiry.com.br\/es\/wp-json\/wp\/v2\/product_brand?post=2389"},{"taxonomy":"product_cat","embeddable":true,"href":"https:\/\/internacional.catupiry.com.br\/es\/wp-json\/wp\/v2\/product_cat?post=2389"},{"taxonomy":"product_tag","embeddable":true,"href":"https:\/\/internacional.catupiry.com.br\/es\/wp-json\/wp\/v2\/product_tag?post=2389"}],"curies":[{"name":"wp","href":"https:\/\/api.w.org\/{rel}","templated":true}]}}