{"id":2391,"date":"2019-07-17T11:12:20","date_gmt":"2019-07-17T14:12:20","guid":{"rendered":"http:\/\/internacional.catupiry.com.br\/?post_type=product&#038;p=2391"},"modified":"2024-01-23T17:53:10","modified_gmt":"2024-01-23T20:53:10","slug":"pan-de-queso-relleno-de-requeson-cremoso","status":"publish","type":"product","link":"https:\/\/internacional.catupiry.com.br\/es\/produto\/pan-de-queso-relleno-de-requeson-cremoso\/","title":{"rendered":"PAN DE QUESO RELLENO DE REQUES\u00d3N CREMOSO 1kg"},"content":{"rendered":"","protected":false},"excerpt":{"rendered":"<p>Receta t\u00edpica brasile\u00f1a, es un tipo de pan hecho con almid\u00f3n de mandioca, huevos y queso. El pan de queso Catupiry\u00ae es un producto \u00fanico. Su masa armoniza los sabores del Reques\u00f3n Original Catupiry\u00ae, provolone, queso minas est\u00e1ndar y parmesano. Suave por dentro, crujiente por fuera. Con mucho relleno y cremoso, es ideal para desayunos y meriendas, acompa\u00f1ado de jugos, t\u00e9s, leches y caf\u00e9s.<\/p>\n<h4><span style=\"color: #333333;\">Embalaje:<\/span><\/h4>\n<p class=\"Default tm6\">PAQUETE PESO NETO: 1,0 kg<\/p>\n<p>[su_accordion class=\"\"] [su_spoiler title=\"Otras Informaciones:\" open=\"no\" style=\"default\" icon=\"plus\" anchor=\"\" class=\"\"]<\/p>\n<div class=\"produto-single-image\">\n<h4><img loading=\"lazy\" decoding=\"async\" class=\"alignnone size-full wp-image-2578\" src=\"http:\/\/internacional.catupiry.com.br\/es\/wp-content\/uploads\/sites\/2\/2019\/07\/tabela-nutricional-paodequejo-espanhol.jpg\" alt=\"\" width=\"463\" height=\"347\" srcset=\"https:\/\/internacional.catupiry.com.br\/es\/wp-content\/uploads\/sites\/2\/2019\/07\/tabela-nutricional-paodequejo-espanhol.jpg 463w, https:\/\/internacional.catupiry.com.br\/es\/wp-content\/uploads\/sites\/2\/2019\/07\/tabela-nutricional-paodequejo-espanhol-300x225.jpg 300w\" sizes=\"auto, (max-width: 463px) 100vw, 463px\" \/><\/h4>\n<h4><span style=\"color: #333333;\">Ingredientes:<\/span><\/h4>\n<p class=\"Normal tm5\">Polvillo, Reques\u00f3n Cremoso (Crema de Leche, Masa Cuajada, Cloruro de Sodio (Sal), Estabilizante: Pirofosfato Tetrass\u00f3dico (INS450iii) y Regulador de Acidez: Bicarbonato de Sodio (INS500ii)) Agua, Huevo L\u00edquido Integral, Queso Parmesano (Leche Pasteurizada, Levadura L\u00e1ctica, Cloruro de Sodio (Sal), Cloruro de Calcio, Cuajada, Conservador: Sorbato de Potasio (INS202) y Lisozima (INS1105)), Grasa Vegetal, Leche Integral en Polvo, F\u00e9cula de Mandioca, Queso Minas Est\u00e1ndar (Leche Pasteurizada, Levadura L\u00e1ctica, Cloruro de Sodio (Sal), Cloruro de Calcio y Coagulante), Queso Provolone (Leche Pasteurizada, Cloruro de Sodio (Sal), Levadura L\u00e1ctica, Cloruro de Calcio y Coagulante), Almid\u00f3n Modificado y Sal.<br \/>\n<strong>AL\u00c9RGICOS: CONTIENE LECHE Y DERIVADOS DE HUEVO. PUEDE CONTENER SOJA. CONTIENE LACTOSA. SIN GLUTEN. <\/strong><\/p>\n<p>&nbsp;<\/p>\n<p class=\"Default tm6\"><strong style=\"color: #1b1919; font-size: 18px;\">Conservaci\u00f3n:<\/strong><\/p>\n<\/div>\n<div class=\"produto-single-image\">\n<div class=\"details__tableWrp\">\n<p><strong>Mantener congelado. NO ALMACENAR EN EL REFRIGERADOR<\/strong><\/p>\n<p class=\"Normal\">\n<\/div>\n<\/div>\n<p>[\/spoiler] [\/accordion]<\/p>\n","protected":false},"featured_media":2394,"comment_status":"closed","ping_status":"closed","template":"","meta":[],"product_brand":[],"product_cat":[43],"product_tag":[28],"class_list":{"0":"post-2391","1":"product","2":"type-product","3":"status-publish","4":"has-post-thumbnail","6":"product_cat-minorista","7":"product_tag-cheese-roll","9":"first","10":"instock","11":"shipping-taxable","12":"product-type-simple"},"_links":{"self":[{"href":"https:\/\/internacional.catupiry.com.br\/es\/wp-json\/wp\/v2\/product\/2391","targetHints":{"allow":["GET"]}}],"collection":[{"href":"https:\/\/internacional.catupiry.com.br\/es\/wp-json\/wp\/v2\/product"}],"about":[{"href":"https:\/\/internacional.catupiry.com.br\/es\/wp-json\/wp\/v2\/types\/product"}],"replies":[{"embeddable":true,"href":"https:\/\/internacional.catupiry.com.br\/es\/wp-json\/wp\/v2\/comments?post=2391"}],"wp:featuredmedia":[{"embeddable":true,"href":"https:\/\/internacional.catupiry.com.br\/es\/wp-json\/wp\/v2\/media\/2394"}],"wp:attachment":[{"href":"https:\/\/internacional.catupiry.com.br\/es\/wp-json\/wp\/v2\/media?parent=2391"}],"wp:term":[{"taxonomy":"product_brand","embeddable":true,"href":"https:\/\/internacional.catupiry.com.br\/es\/wp-json\/wp\/v2\/product_brand?post=2391"},{"taxonomy":"product_cat","embeddable":true,"href":"https:\/\/internacional.catupiry.com.br\/es\/wp-json\/wp\/v2\/product_cat?post=2391"},{"taxonomy":"product_tag","embeddable":true,"href":"https:\/\/internacional.catupiry.com.br\/es\/wp-json\/wp\/v2\/product_tag?post=2391"}],"curies":[{"name":"wp","href":"https:\/\/api.w.org\/{rel}","templated":true}]}}