{"id":79,"date":"2019-02-07T14:14:19","date_gmt":"2019-02-07T16:14:19","guid":{"rendered":"http:\/\/localhost\/exportacao\/?post_type=product&#038;p=79"},"modified":"2024-01-23T18:14:25","modified_gmt":"2024-01-23T21:14:25","slug":"requeson-cremoso-tradicional","status":"publish","type":"product","link":"https:\/\/internacional.catupiry.com.br\/es\/produto\/requeson-cremoso-tradicional\/","title":{"rendered":"REQUES\u00d3N UNTABLE TRADICIONAL"},"content":{"rendered":"","protected":false},"excerpt":{"rendered":"<p class=\"Normal\"><span class=\"tm5\">Con una textura ultracremosa y untable, el Reques\u00f3n Untable Tradicional Catupiry\u00ae es ideal para el desayuno y la merienda. Se puede consumir puro en tostadas, panes y waffles o en la preparaci\u00f3n de s\u00e1ndwiches y otras recetas. Todo con un sabor incre\u00edble.<\/span><\/p>\n<h4><span style=\"color: #333333;\">Embalaje:<\/span><\/h4>\n<p class=\"Default tm6\"><span class=\"tm7\">Vaso 200g y Vaso 500g<\/span><\/p>\n[su_accordion class=\"\"] [su_spoiler title=\"Otras Informaciones\" open=\"no\" style=\"default\" icon=\"plus\" anchor=\"\" class=\"\"]<\/p>\n<div class=\"produto-single-image\">\n<h4><span style=\"color: #333333;\">Ingredientes:<\/span><\/h4>\n<p class=\"Normal tm6\"><em><span class=\"tm7\">CREMA DE LECHE, MASA CUAJADA (LECHE FLUIDO A GRANEL DE USO INDUSTRIAL Y ACIDULANTE \u00c1CIDO L\u00c1TICO (INS 270)), CLORURO DE SODIO (SAL), ESTABILIZANTES: POLIFOSFATO DE SODIO (INS 452i), TRIPOLIFOSFATO DE POTASIO (INS 451ii), FOSFATO TRISS\u00d3DICO (INS 339iii), CONSERVADOR SORBATO DE POTASIO (INS 202).<\/span><\/em><\/p>\n<p><strong><span class=\"tm9\">CONTIENE LECHE. CONTIENE LACTOSA. SIN GLUTEN.<\/span><\/strong><\/p>\n<h4><span style=\"color: #333333;\">Informaci\u00f3n Nutricional:<\/span><\/h4>\n<p class=\"Normal tm6 tm7\"><span style=\"color: #993300;\"><strong><em><span class=\"tm8\">PORCI\u00d3N 30g (1 CUCHARADA).<\/span><\/em><\/strong><\/span><\/p>\n<table class=\"tm13 tm14 tm15\" border=\"0\" rules=\"all\">\n<tbody class=\"tm16\">\n<tr>\n<td class=\"tm17 tm18 tm19\"><\/td>\n<td class=\"tm17 tm18 tm19\">\n<p class=\"Normal tm6\"><strong><em><span class=\"tm8\">CANTIDAD POR PORCI\u00d3N<\/span><\/em><\/strong><\/p>\n<\/td>\n<td class=\"tm17 tm18 tm19\">\n<p class=\"Normal tm6 tm20\"><strong><span class=\"tm21\">%VD*<\/span><\/strong><\/p>\n<\/td>\n<\/tr>\n<tr>\n<td class=\"tm17 tm18 tm19\">\n<p class=\"Normal tm6\"><em><span class=\"tm22\">VALOR ENERG\u00c9TICO<\/span><\/em><\/p>\n<\/td>\n<td class=\"tm17 tm18 tm19\">\n<p class=\"Normal tm6\">86 kcal= 361 kJ<\/p>\n<\/td>\n<td class=\"tm17 tm18 tm19\">\n<p class=\"Normal tm6 tm20\"><em><span class=\"tm22\">(4% VRN*)<\/span><\/em><\/p>\n<\/td>\n<\/tr>\n<tr>\n<td class=\"tm17 tm18 tm19\">\n<p class=\"Normal tm6\"><em><span class=\"tm22\">CARBOHIDRATOS<\/span><\/em><\/p>\n<\/td>\n<td class=\"tm17 tm18 tm19\">\n<p class=\"Normal tm6\"><em><span class=\"tm22\">0 g<\/span><\/em><\/p>\n<\/td>\n<td class=\"tm17 tm18 tm19\">\n<p class=\"Normal tm6\"><em><span class=\"tm22\">\u00a0<\/span><\/em><\/p>\n<\/td>\n<\/tr>\n<tr>\n<td class=\"tm17 tm18 tm19\">\n<p class=\"Normal tm6\"><em><span class=\"tm22\">PROTE\u00cdNAS<\/span><\/em><\/p>\n<\/td>\n<td class=\"tm17 tm18 tm19\">\n<p class=\"Normal tm6\"><em><span class=\"tm22\">3,2 g<\/span><\/em><\/p>\n<\/td>\n<td class=\"tm17 tm18 tm19\">\n<p class=\"Normal tm6 tm20\"><em><span class=\"tm22\">(6% VRN*)<\/span><\/em><\/p>\n<\/td>\n<\/tr>\n<tr>\n<td class=\"tm17 tm18 tm19\">\n<p class=\"Normal tm6\"><em><span class=\"tm22\">GRASAS TOTALES<\/span><\/em><\/p>\n<\/td>\n<td class=\"tm17 tm18 tm19\">\n<p class=\"Normal tm6\"><em><span class=\"tm22\">8,1 g<\/span><\/em><\/p>\n<\/td>\n<td class=\"tm17 tm18 tm19\">\n<p class=\"Normal tm6\"><em><span class=\"tm22\">\u00a0<\/span><\/em><\/p>\n<\/td>\n<\/tr>\n<tr>\n<td class=\"tm17 tm18 tm19\">\n<p class=\"Normal tm6\"><em><span class=\"tm22\">GRASAS SATURADAS<\/span><\/em><\/p>\n<\/td>\n<td class=\"tm17 tm18 tm19\">\n<p class=\"Normal tm6\"><em><span class=\"tm22\">4,9 g<\/span><\/em><\/p>\n<\/td>\n<td class=\"tm17 tm18 tm19\">\n<p class=\"Normal tm6\"><em><span class=\"tm22\">\u00a0<\/span><\/em><\/p>\n<\/td>\n<\/tr>\n<tr>\n<td class=\"tm17 tm18 tm19\">\n<p class=\"Normal tm6\"><em><span class=\"tm22\">GRASAS TRANS<\/span><\/em><\/p>\n<\/td>\n<td class=\"tm17 tm18 tm19\">\n<p class=\"Normal tm6\"><em><span class=\"tm22\">0,3 g<\/span><\/em><\/p>\n<\/td>\n<td class=\"tm17 tm18 tm19\">\n<p class=\"Normal tm6\"><em><span class=\"tm22\">\u00a0<\/span><\/em><\/p>\n<\/td>\n<\/tr>\n<tr>\n<td class=\"tm17 tm18 tm19\">\n<p class=\"Normal tm6\"><em><span class=\"tm22\">FIBRA ALIMENTARIA<\/span><\/em><\/p>\n<\/td>\n<td class=\"tm17 tm18 tm19\">\n<p class=\"Normal tm6\"><em><span class=\"tm22\">0 g<\/span><\/em><\/p>\n<\/td>\n<td class=\"tm17 tm18 tm19\">\n<p class=\"Normal tm6\"><em><span class=\"tm22\">\u00a0<\/span><\/em><\/p>\n<\/td>\n<\/tr>\n<tr>\n<td class=\"tm17 tm18 tm19\">\n<p class=\"Normal tm6\"><em><span class=\"tm22\">SODIO<\/span><\/em><\/p>\n<\/td>\n<td class=\"tm17 tm18 tm19\">\n<p class=\"Normal tm6\"><em><span class=\"tm22\">123 mg<\/span><\/em><\/p>\n<\/td>\n<td class=\"tm17 tm18 tm19\">\n<p class=\"Normal tm6\"><em><span class=\"tm22\">\u00a0<\/span><\/em><\/p>\n<\/td>\n<\/tr>\n<tr>\n<td class=\"tm17 tm18 tm19\">\n<p class=\"Normal tm6\"><em><span class=\"tm22\">VITAMINA A<\/span><\/em><\/p>\n<\/td>\n<td class=\"tm17 tm18 tm19\">\n<p class=\"Normal tm6\"><em><span class=\"tm22\">76<\/span><\/em><em><span class=\"tm7\">\u03bc<\/span><\/em><em><span class=\"tm22\">g<\/span><\/em><\/p>\n<\/td>\n<td class=\"tm17 tm18 tm19\">\n<p class=\"Normal tm6 tm20\"><em><span class=\"tm22\">(9% VRN*)<\/span><\/em><\/p>\n<\/td>\n<\/tr>\n<tr>\n<td class=\"tm17 tm18 tm19\">\n<p class=\"Normal tm6\"><em><span class=\"tm22\">CALCIO<\/span><\/em><\/p>\n<\/td>\n<td class=\"tm17 tm18 tm19\">\n<p class=\"Normal tm6\"><em><span class=\"tm22\">42 mg<\/span><\/em><\/p>\n<\/td>\n<td class=\"tm17 tm18 tm19\">\n<p class=\"Normal tm6 tm20\"><em><span class=\"tm22\">(4% VRN*)<\/span><\/em><\/p>\n<\/td>\n<\/tr>\n<\/tbody>\n<\/table>\n<p class=\"Default tm6\"><strong style=\"color: #1b1919; font-size: 18px;\"><br \/>\nConservaci\u00f3n<\/strong><\/p>\n<\/div>\n<div class=\"produto-single-image\">\n<div class=\"details__tableWrp\">\n<p class=\"Normal tm5\"><em><span class=\"tm7\">MANTENER RESFRIADO DE 1 A 9\u00b0C. DESPU\u00c9S DE ABIERTO CONSUMIR EN HASTA 8 D\u00cdAS. <\/span><\/em><\/p>\n<p class=\"Normal\">\n<\/div>\n<\/div>\n<p>[\/su_spoiler] [\/su_accordion]\n","protected":false},"featured_media":2322,"comment_status":"closed","ping_status":"closed","template":"","meta":[],"product_brand":[],"product_cat":[43],"product_tag":[49],"class_list":{"0":"post-79","1":"product","2":"type-product","3":"status-publish","4":"has-post-thumbnail","6":"product_cat-minorista","7":"product_tag-spreadable-cheese","9":"first","10":"instock","11":"shipping-taxable","12":"product-type-simple"},"_links":{"self":[{"href":"https:\/\/internacional.catupiry.com.br\/es\/wp-json\/wp\/v2\/product\/79","targetHints":{"allow":["GET"]}}],"collection":[{"href":"https:\/\/internacional.catupiry.com.br\/es\/wp-json\/wp\/v2\/product"}],"about":[{"href":"https:\/\/internacional.catupiry.com.br\/es\/wp-json\/wp\/v2\/types\/product"}],"replies":[{"embeddable":true,"href":"https:\/\/internacional.catupiry.com.br\/es\/wp-json\/wp\/v2\/comments?post=79"}],"wp:featuredmedia":[{"embeddable":true,"href":"https:\/\/internacional.catupiry.com.br\/es\/wp-json\/wp\/v2\/media\/2322"}],"wp:attachment":[{"href":"https:\/\/internacional.catupiry.com.br\/es\/wp-json\/wp\/v2\/media?parent=79"}],"wp:term":[{"taxonomy":"product_brand","embeddable":true,"href":"https:\/\/internacional.catupiry.com.br\/es\/wp-json\/wp\/v2\/product_brand?post=79"},{"taxonomy":"product_cat","embeddable":true,"href":"https:\/\/internacional.catupiry.com.br\/es\/wp-json\/wp\/v2\/product_cat?post=79"},{"taxonomy":"product_tag","embeddable":true,"href":"https:\/\/internacional.catupiry.com.br\/es\/wp-json\/wp\/v2\/product_tag?post=79"}],"curies":[{"name":"wp","href":"https:\/\/api.w.org\/{rel}","templated":true}]}}